{"id":1892,"date":"2022-11-15T10:58:48","date_gmt":"2022-11-15T09:58:48","guid":{"rendered":"https:\/\/frameworkx.org\/perimesh\/perimesh-le-systeme-de-cloture-intelligent-en-acier-inoxydable-avec-de-multiples-possibilites\/"},"modified":"2022-11-20T17:03:49","modified_gmt":"2022-11-20T16:03:49","slug":"perimesh-le-systeme-de-cloture-intelligent-en-acier-inoxydable-avec-de-multiples-possibilites","status":"publish","type":"page","link":"https:\/\/www.perimesh.com\/fr\/perimesh-le-systeme-de-cloture-intelligent-en-acier-inoxydable-avec-de-multiples-possibilites\/","title":{"rendered":"PERIMESH\u00ae \u2013 le syst\u00e8me de cl\u00f4ture intelligent en acier inoxydable avec de multiples possibilit\u00e9s"},"content":{"rendered":"<p>[et_pb_section fb_built=\u00a0\u00bb1&Prime; _builder_version=\u00a0\u00bb4.17.4&Prime; _module_preset=\u00a0\u00bbdefault\u00a0\u00bb background_color=\u00a0\u00bb#e0e0e0&Prime; global_colors_info=\u00a0\u00bb{}\u00a0\u00bb][et_pb_row _builder_version=\u00a0\u00bb4.17.4&Prime; _module_preset=\u00a0\u00bbdefault\u00a0\u00bb global_colors_info=\u00a0\u00bb{}\u00a0\u00bb][et_pb_column type=\u00a0\u00bb4_4&Prime; _builder_version=\u00a0\u00bb4.17.4&Prime; _module_preset=\u00a0\u00bbdefault\u00a0\u00bb global_colors_info=\u00a0\u00bb{}\u00a0\u00bb][et_pb_text _builder_version=\u00a0\u00bb4.18.0&Prime; _module_preset=\u00a0\u00bbdefault\u00a0\u00bb global_colors_info=\u00a0\u00bb{}\u00a0\u00bb]<\/p>\n<h1 style=\"text-align: left;\">PERIMESH\u00ae \u2013 le syst\u00e8me de cl\u00f4ture intelligent en acier inoxydable avec de multiples possibilit\u00e9s<br \/>\n<\/h1>\n<p>[\/et_pb_text][\/et_pb_column][\/et_pb_row][\/et_pb_section][et_pb_section fb_built=\u00a0\u00bb1&Prime; _builder_version=\u00a0\u00bb4.18.0&Prime; _module_preset=\u00a0\u00bbdefault\u00a0\u00bb background_enable_color=\u00a0\u00bboff\u00a0\u00bb global_colors_info=\u00a0\u00bb{}\u00a0\u00bb][et_pb_row column_structure=\u00a0\u00bb1_2,1_2&Prime; _builder_version=\u00a0\u00bb4.18.0&Prime; _module_preset=\u00a0\u00bbdefault\u00a0\u00bb global_colors_info=\u00a0\u00bb{}\u00a0\u00bb][et_pb_column type=\u00a0\u00bb1_2&Prime; _builder_version=\u00a0\u00bb4.18.0&Prime; _module_preset=\u00a0\u00bbdefault\u00a0\u00bb global_colors_info=\u00a0\u00bb{}\u00a0\u00bb][et_pb_text _builder_version=\u00a0\u00bb4.18.0&Prime; _module_preset=\u00a0\u00bbdefault\u00a0\u00bb hover_enabled=\u00a0\u00bb0&Prime; global_colors_info=\u00a0\u00bb{}\u00a0\u00bb sticky_enabled=\u00a0\u00bb0&Prime;]<\/p>\n<p>Une cl\u00f4ture de jardin vous permet de d\u00e9limiter votre terrain. De cette mani\u00e8re, vous emp\u00eachez les intrus d&rsquo;entrer et vous assurez une cl\u00f4ture fiable. Une telle d\u00e9limitation est \u00e9galement tr\u00e8s importante pour les terrains \u00e0 usage commercial, afin d&rsquo;\u00e9viter que des personnes non autoris\u00e9es ne perturbent les activit\u00e9s de l&rsquo;entreprise. Si vous souhaitez combiner une construction s\u00fbre et durable avec un aspect visuel exceptionnel, le syst\u00e8me de cl\u00f4ture PERIMESH\u00ae est la solution id\u00e9ale.<\/p>\n<h3>Syst\u00e8me de cl\u00f4ture aux limites claires et \u00e0 l&rsquo;aspect l\u00e9ger &#8211; gr\u00e2ce \u00e0 un filet de c\u00e2bles en acier inoxydable de haute qualit\u00e9<\/h3>\n<p>Dans sa version standard, PERIMESH\u00ae utilise des \u00e9l\u00e9ments de cl\u00f4ture compos\u00e9s d&rsquo;un fin syst\u00e8me de c\u00e2bles. Les c\u00e2bles en acier inoxydable sont press\u00e9s en losanges par adh\u00e9rence. L&rsquo;\u00e9paisseur du c\u00e2ble est de 1,5 mm seulement. La largeur des mailles est d&rsquo;environ 115 mm et la hauteur de 60 mm. Il s&rsquo;agit du produit X-TEND de la maison Carl Stahl ARC, ce qui donne au filet un aspect tr\u00e8s fin et filigrane. Gr\u00e2ce \u00e0 l&rsquo;utilisation d&rsquo;acier inoxydable de haute qualit\u00e9, le filet est n\u00e9anmoins tr\u00e8s robuste et assure donc une d\u00e9limitation s\u00fbre. Il se caract\u00e9rise en outre par une excellente r\u00e9sistance aux intemp\u00e9ries.<\/p>\n<h3>Protection visuelle pour une intimit\u00e9 optimale<br \/>\n<\/h3>\n<p>La protection visuelle joue \u00e9galement un r\u00f4le important, en particulier dans les jardins priv\u00e9s. Pour cela aussi, le syst\u00e8me de cl\u00f4ture PERIMESH\u00ae contient les produits ad\u00e9quats. Il s&rsquo;agit de fines t\u00f4les en acier inoxydable qui allient une protection visuelle fiable \u00e0 une conception visuelle attrayante.<\/p>\n<p>[\/et_pb_text][\/et_pb_column][et_pb_column type=\u00a0\u00bb1_2&Prime; _builder_version=\u00a0\u00bb4.18.0&Prime; _module_preset=\u00a0\u00bbdefault\u00a0\u00bb global_colors_info=\u00a0\u00bb{}\u00a0\u00bb][et_pb_text _builder_version=\u00a0\u00bb4.18.0&Prime; _module_preset=\u00a0\u00bbdefault\u00a0\u00bb global_colors_info=\u00a0\u00bb{}\u00a0\u00bb]<\/p>\n<h3>Des \u00e9l\u00e9ments en verre pour un design exceptionnel<\/h3>\n<p>Une autre possibilit\u00e9 consiste \u00e0 int\u00e9grer des \u00e9l\u00e9ments en verre dans le syst\u00e8me de cl\u00f4ture. Vous obtenez ainsi une conception exceptionnelle, ouverte et moderne. Un verre de s\u00e9curit\u00e9 feuillet\u00e9 (VSG ESG 55.2 avec 2\u00d75 mm) est utilis\u00e9 \u00e0 cet effet, ce qui garantit une grande s\u00e9curit\u00e9. Une barre ronde est int\u00e9gr\u00e9e, ce qui conf\u00e8re au verre une stabilit\u00e9 suppl\u00e9mentaire et contribue en outre \u00e0 un design attrayant.<\/p>\n<h3>Des poteaux et des portes pour un montage confortable<\/h3>\n<p>Le syst\u00e8me PERIMESH\u00ae comprend non seulement les \u00e9l\u00e9ments de cl\u00f4ture n\u00e9cessaires, mais aussi des poteaux adapt\u00e9s. Ceux-ci sont reli\u00e9s entre eux par un syst\u00e8me de c\u00e2bles, de sorte que le filet de c\u00e2bles en acier inoxydable peut \u00eatre tendu dans les espaces interm\u00e9diaires. Afin de garantir un acc\u00e8s confortable au terrain, le syst\u00e8me comprend \u00e9galement des portails de haute qualit\u00e9.<\/p>\n<h3>Planification et r\u00e9alisation individuelles<\/h3>\n<p>Si vous optez pour PERIMESH\u00ae, vous b\u00e9n\u00e9ficiez d&rsquo;une qualit\u00e9 \u00e9lev\u00e9e et de possibilit\u00e9s de conception individuelles. Pour ce faire, nous planifions chaque projet en fonction de vos exigences personnelles et mesurons le terrain sur place. Cela permet d&rsquo;obtenir une mise en \u0153uvre optimale.<\/p>\n<p>[\/et_pb_text][\/et_pb_column][\/et_pb_row][\/et_pb_section][et_pb_section fb_built=\u00a0\u00bb1&Prime; _builder_version=\u00a0\u00bb4.17.4&Prime; _module_preset=\u00a0\u00bbdefault\u00a0\u00bb background_color=\u00a0\u00bb#E2001A\u00a0\u00bb global_module=\u00a0\u00bb290&Prime; global_colors_info=\u00a0\u00bb{}\u00a0\u00bb][et_pb_row _builder_version=\u00a0\u00bb4.17.4&Prime; _module_preset=\u00a0\u00bbdefault\u00a0\u00bb global_colors_info=\u00a0\u00bb{}\u00a0\u00bb][et_pb_column type=\u00a0\u00bb4_4&Prime; _builder_version=\u00a0\u00bb4.17.4&Prime; _module_preset=\u00a0\u00bbdefault\u00a0\u00bb global_colors_info=\u00a0\u00bb{}\u00a0\u00bb][et_pb_text _builder_version=\u00a0\u00bb4.18.0&Prime; _module_preset=\u00a0\u00bbdefault\u00a0\u00bb header_4_text_color=\u00a0\u00bb#FFFFFF\u00a0\u00bb header_4_font_size=\u00a0\u00bb30px\u00a0\u00bb global_colors_info=\u00a0\u00bb{}\u00a0\u00bb]<\/p>\n<h4 style=\"text-align: center;\"><a href=\"https:\/\/www.perimesh.com\/fr\/downloads\/\">VERS LES T\u00c9L\u00c9CHARGEMENTS<\/a><\/h4>\n<p>[\/et_pb_text][\/et_pb_column][\/et_pb_row][\/et_pb_section][et_pb_section fb_built=\u00a0\u00bb1&Prime; _builder_version=\u00a0\u00bb4.17.4&Prime; _module_preset=\u00a0\u00bbdefault\u00a0\u00bb global_module=\u00a0\u00bb886&Prime; saved_tabs=\u00a0\u00bball\u00a0\u00bb global_colors_info=\u00a0\u00bb{}\u00a0\u00bb][et_pb_row column_structure=\u00a0\u00bb1_3,2_3&Prime; _builder_version=\u00a0\u00bb4.17.4&Prime; _module_preset=\u00a0\u00bbdefault\u00a0\u00bb global_colors_info=\u00a0\u00bb{}\u00a0\u00bb][et_pb_column type=\u00a0\u00bb1_3&Prime; _builder_version=\u00a0\u00bb4.17.4&Prime; _module_preset=\u00a0\u00bbdefault\u00a0\u00bb global_colors_info=\u00a0\u00bb{}\u00a0\u00bb][et_pb_text _builder_version=\u00a0\u00bb4.18.0&Prime; _module_preset=\u00a0\u00bbdefault\u00a0\u00bb global_colors_info=\u00a0\u00bb{}\u00a0\u00bb]<\/p>\n<h2>Premier conseil personnalis\u00e9<\/h2>\n<p>Nous vous conseillons volontiers dans le choix de votre solution.<br \/>Appelez-nous ou envoyez-nous simplement votre demande par e-mail !<\/p>\n<p>T\u00e9l\u00e9phone : +49 (0) 7162 948 150 200<br \/>Courrier \u00e9lectronique : perimesh@carlstahl-arc.com<br \/>Web : www.perimesh.com<\/p>\n<p>[\/et_pb_text][\/et_pb_column][et_pb_column type=\u00a0\u00bb2_3&Prime; _builder_version=\u00a0\u00bb4.17.4&Prime; _module_preset=\u00a0\u00bbdefault\u00a0\u00bb global_colors_info=\u00a0\u00bb{}\u00a0\u00bb][et_pb_contact_form email=\u00a0\u00bbxtend@carlstahl-arc.com\u00a0\u00bb custom_message=\u00a0\u00bbName: %%Vorname%% %%Name%%||et_pb_line_break_holder||Telefon: %%Telefonnummer%%||et_pb_line_break_holder||E-Mail: %%Email%%||et_pb_line_break_holder||Nachricht: ||et_pb_line_break_holder||%%Message%%\u00a0\u00bb success_message=\u00a0\u00bbMerci beaucoup pour votre message!\u00a0\u00bb _builder_version=\u00a0\u00bb4.17.4&Prime; _module_preset=\u00a0\u00bbdefault\u00a0\u00bb _unique_id=\u00a0\u00bb64788915-5ff9-405d-893b-be47ebbadde3&Prime; global_colors_info=\u00a0\u00bb{}\u00a0\u00bb][et_pb_contact_field field_id=\u00a0\u00bbVorname\u00a0\u00bb field_title=\u00a0\u00bbPr\u00e9nom\u00a0\u00bb _builder_version=\u00a0\u00bb4.17.4&Prime; global_colors_info=\u00a0\u00bb{}\u00a0\u00bb button_text_size__hover_enabled=\u00a0\u00bboff\u00a0\u00bb button_one_text_size__hover_enabled=\u00a0\u00bboff\u00a0\u00bb button_two_text_size__hover_enabled=\u00a0\u00bboff\u00a0\u00bb button_text_color__hover_enabled=\u00a0\u00bboff\u00a0\u00bb button_one_text_color__hover_enabled=\u00a0\u00bboff\u00a0\u00bb button_two_text_color__hover_enabled=\u00a0\u00bboff\u00a0\u00bb button_border_width__hover_enabled=\u00a0\u00bboff\u00a0\u00bb button_one_border_width__hover_enabled=\u00a0\u00bboff\u00a0\u00bb button_two_border_width__hover_enabled=\u00a0\u00bboff\u00a0\u00bb button_border_color__hover_enabled=\u00a0\u00bboff\u00a0\u00bb button_one_border_color__hover_enabled=\u00a0\u00bboff\u00a0\u00bb button_two_border_color__hover_enabled=\u00a0\u00bboff\u00a0\u00bb button_border_radius__hover_enabled=\u00a0\u00bboff\u00a0\u00bb button_one_border_radius__hover_enabled=\u00a0\u00bboff\u00a0\u00bb button_two_border_radius__hover_enabled=\u00a0\u00bboff\u00a0\u00bb button_letter_spacing__hover_enabled=\u00a0\u00bboff\u00a0\u00bb button_one_letter_spacing__hover_enabled=\u00a0\u00bboff\u00a0\u00bb button_two_letter_spacing__hover_enabled=\u00a0\u00bboff\u00a0\u00bb button_bg_color__hover_enabled=\u00a0\u00bboff\u00a0\u00bb button_one_bg_color__hover_enabled=\u00a0\u00bboff\u00a0\u00bb button_two_bg_color__hover_enabled=\u00a0\u00bboff\u00a0\u00bb][\/et_pb_contact_field][et_pb_contact_field field_id=\u00a0\u00bbName\u00a0\u00bb field_title=\u00a0\u00bbNom\u00a0\u00bb _builder_version=\u00a0\u00bb4.17.4&Prime; global_colors_info=\u00a0\u00bb{}\u00a0\u00bb button_text_size__hover_enabled=\u00a0\u00bboff\u00a0\u00bb button_one_text_size__hover_enabled=\u00a0\u00bboff\u00a0\u00bb button_two_text_size__hover_enabled=\u00a0\u00bboff\u00a0\u00bb button_text_color__hover_enabled=\u00a0\u00bboff\u00a0\u00bb button_one_text_color__hover_enabled=\u00a0\u00bboff\u00a0\u00bb button_two_text_color__hover_enabled=\u00a0\u00bboff\u00a0\u00bb button_border_width__hover_enabled=\u00a0\u00bboff\u00a0\u00bb button_one_border_width__hover_enabled=\u00a0\u00bboff\u00a0\u00bb button_two_border_width__hover_enabled=\u00a0\u00bboff\u00a0\u00bb button_border_color__hover_enabled=\u00a0\u00bboff\u00a0\u00bb button_one_border_color__hover_enabled=\u00a0\u00bboff\u00a0\u00bb button_two_border_color__hover_enabled=\u00a0\u00bboff\u00a0\u00bb button_border_radius__hover_enabled=\u00a0\u00bboff\u00a0\u00bb button_one_border_radius__hover_enabled=\u00a0\u00bboff\u00a0\u00bb button_two_border_radius__hover_enabled=\u00a0\u00bboff\u00a0\u00bb button_letter_spacing__hover_enabled=\u00a0\u00bboff\u00a0\u00bb button_one_letter_spacing__hover_enabled=\u00a0\u00bboff\u00a0\u00bb button_two_letter_spacing__hover_enabled=\u00a0\u00bboff\u00a0\u00bb button_bg_color__hover_enabled=\u00a0\u00bboff\u00a0\u00bb button_one_bg_color__hover_enabled=\u00a0\u00bboff\u00a0\u00bb button_two_bg_color__hover_enabled=\u00a0\u00bboff\u00a0\u00bb][\/et_pb_contact_field][et_pb_contact_field field_id=\u00a0\u00bbTelefonnummer\u00a0\u00bb field_title=\u00a0\u00bbT\u00e9l\u00e9phone\u00a0\u00bb _builder_version=\u00a0\u00bb4.17.4&Prime; global_colors_info=\u00a0\u00bb{}\u00a0\u00bb button_text_size__hover_enabled=\u00a0\u00bboff\u00a0\u00bb button_one_text_size__hover_enabled=\u00a0\u00bboff\u00a0\u00bb button_two_text_size__hover_enabled=\u00a0\u00bboff\u00a0\u00bb button_text_color__hover_enabled=\u00a0\u00bboff\u00a0\u00bb button_one_text_color__hover_enabled=\u00a0\u00bboff\u00a0\u00bb button_two_text_color__hover_enabled=\u00a0\u00bboff\u00a0\u00bb button_border_width__hover_enabled=\u00a0\u00bboff\u00a0\u00bb button_one_border_width__hover_enabled=\u00a0\u00bboff\u00a0\u00bb button_two_border_width__hover_enabled=\u00a0\u00bboff\u00a0\u00bb button_border_color__hover_enabled=\u00a0\u00bboff\u00a0\u00bb button_one_border_color__hover_enabled=\u00a0\u00bboff\u00a0\u00bb button_two_border_color__hover_enabled=\u00a0\u00bboff\u00a0\u00bb button_border_radius__hover_enabled=\u00a0\u00bboff\u00a0\u00bb button_one_border_radius__hover_enabled=\u00a0\u00bboff\u00a0\u00bb button_two_border_radius__hover_enabled=\u00a0\u00bboff\u00a0\u00bb button_letter_spacing__hover_enabled=\u00a0\u00bboff\u00a0\u00bb button_one_letter_spacing__hover_enabled=\u00a0\u00bboff\u00a0\u00bb button_two_letter_spacing__hover_enabled=\u00a0\u00bboff\u00a0\u00bb button_bg_color__hover_enabled=\u00a0\u00bboff\u00a0\u00bb button_one_bg_color__hover_enabled=\u00a0\u00bboff\u00a0\u00bb button_two_bg_color__hover_enabled=\u00a0\u00bboff\u00a0\u00bb][\/et_pb_contact_field][et_pb_contact_field field_id=\u00a0\u00bbEmail\u00a0\u00bb field_title=\u00a0\u00bbAdresse e-mail\u00a0\u00bb field_type=\u00a0\u00bbemail\u00a0\u00bb _builder_version=\u00a0\u00bb4.17.4&Prime; global_colors_info=\u00a0\u00bb{}\u00a0\u00bb button_text_size__hover_enabled=\u00a0\u00bboff\u00a0\u00bb button_one_text_size__hover_enabled=\u00a0\u00bboff\u00a0\u00bb button_two_text_size__hover_enabled=\u00a0\u00bboff\u00a0\u00bb button_text_color__hover_enabled=\u00a0\u00bboff\u00a0\u00bb button_one_text_color__hover_enabled=\u00a0\u00bboff\u00a0\u00bb button_two_text_color__hover_enabled=\u00a0\u00bboff\u00a0\u00bb button_border_width__hover_enabled=\u00a0\u00bboff\u00a0\u00bb button_one_border_width__hover_enabled=\u00a0\u00bboff\u00a0\u00bb button_two_border_width__hover_enabled=\u00a0\u00bboff\u00a0\u00bb button_border_color__hover_enabled=\u00a0\u00bboff\u00a0\u00bb button_one_border_color__hover_enabled=\u00a0\u00bboff\u00a0\u00bb button_two_border_color__hover_enabled=\u00a0\u00bboff\u00a0\u00bb button_border_radius__hover_enabled=\u00a0\u00bboff\u00a0\u00bb button_one_border_radius__hover_enabled=\u00a0\u00bboff\u00a0\u00bb button_two_border_radius__hover_enabled=\u00a0\u00bboff\u00a0\u00bb button_letter_spacing__hover_enabled=\u00a0\u00bboff\u00a0\u00bb button_one_letter_spacing__hover_enabled=\u00a0\u00bboff\u00a0\u00bb button_two_letter_spacing__hover_enabled=\u00a0\u00bboff\u00a0\u00bb button_bg_color__hover_enabled=\u00a0\u00bboff\u00a0\u00bb button_one_bg_color__hover_enabled=\u00a0\u00bboff\u00a0\u00bb button_two_bg_color__hover_enabled=\u00a0\u00bboff\u00a0\u00bb][\/et_pb_contact_field][et_pb_contact_field field_id=\u00a0\u00bbMessage\u00a0\u00bb field_title=\u00a0\u00bbMessage\u00a0\u00bb field_type=\u00a0\u00bbtext\u00a0\u00bb fullwidth_field=\u00a0\u00bbon\u00a0\u00bb _builder_version=\u00a0\u00bb4.17.4&Prime; global_colors_info=\u00a0\u00bb{}\u00a0\u00bb button_text_size__hover_enabled=\u00a0\u00bboff\u00a0\u00bb button_one_text_size__hover_enabled=\u00a0\u00bboff\u00a0\u00bb button_two_text_size__hover_enabled=\u00a0\u00bboff\u00a0\u00bb button_text_color__hover_enabled=\u00a0\u00bboff\u00a0\u00bb button_one_text_color__hover_enabled=\u00a0\u00bboff\u00a0\u00bb button_two_text_color__hover_enabled=\u00a0\u00bboff\u00a0\u00bb button_border_width__hover_enabled=\u00a0\u00bboff\u00a0\u00bb button_one_border_width__hover_enabled=\u00a0\u00bboff\u00a0\u00bb button_two_border_width__hover_enabled=\u00a0\u00bboff\u00a0\u00bb button_border_color__hover_enabled=\u00a0\u00bboff\u00a0\u00bb button_one_border_color__hover_enabled=\u00a0\u00bboff\u00a0\u00bb button_two_border_color__hover_enabled=\u00a0\u00bboff\u00a0\u00bb button_border_radius__hover_enabled=\u00a0\u00bboff\u00a0\u00bb button_one_border_radius__hover_enabled=\u00a0\u00bboff\u00a0\u00bb button_two_border_radius__hover_enabled=\u00a0\u00bboff\u00a0\u00bb button_letter_spacing__hover_enabled=\u00a0\u00bboff\u00a0\u00bb button_one_letter_spacing__hover_enabled=\u00a0\u00bboff\u00a0\u00bb button_two_letter_spacing__hover_enabled=\u00a0\u00bboff\u00a0\u00bb button_bg_color__hover_enabled=\u00a0\u00bboff\u00a0\u00bb button_one_bg_color__hover_enabled=\u00a0\u00bboff\u00a0\u00bb button_two_bg_color__hover_enabled=\u00a0\u00bboff\u00a0\u00bb][\/et_pb_contact_field][et_pb_contact_field field_id=\u00a0\u00bbDatenschutz\u00a0\u00bb field_title=\u00a0\u00bbConfidentialit\u00e9\u00a0\u00bb field_type=\u00a0\u00bbcheckbox\u00a0\u00bb checkbox_options=\u00a0\u00bb%91{%22value%22:%22J&rsquo;ai pris connaissance de la d\u00e9claration de protection des donn\u00e9es. J&rsquo;accepte que mes informations et donn\u00e9es soient collect\u00e9es et stock\u00e9es \u00e9lectroniquement pour r\u00e9pondre \u00e0 ma demande.%22,%22checked%22:0,%22dragID%22:-1}%93&Prime; fullwidth_field=\u00a0\u00bbon\u00a0\u00bb _builder_version=\u00a0\u00bb4.17.4&Prime; _module_preset=\u00a0\u00bbdefault\u00a0\u00bb global_colors_info=\u00a0\u00bb{}\u00a0\u00bb][\/et_pb_contact_field][\/et_pb_contact_form][\/et_pb_column][\/et_pb_row][\/et_pb_section]<\/p>\n","protected":false},"excerpt":{"rendered":"<p>PERIMESH\u00ae \u2013 le syst\u00e8me de cl\u00f4ture intelligent en acier inoxydable avec de multiples possibilit\u00e9s Une cl\u00f4ture de jardin vous permet de d\u00e9limiter votre terrain. De cette mani\u00e8re, vous emp\u00eachez les intrus d&rsquo;entrer et vous assurez une cl\u00f4ture fiable. Une telle d\u00e9limitation est \u00e9galement tr\u00e8s importante pour les terrains \u00e0 usage commercial, afin d&rsquo;\u00e9viter que des [&hellip;]<\/p>\n","protected":false},"author":1,"featured_media":0,"parent":0,"menu_order":0,"comment_status":"closed","ping_status":"closed","template":"","meta":{"_et_pb_use_builder":"on","_et_pb_old_content":"","_et_gb_content_width":"","footnotes":""},"class_list":["post-1892","page","type-page","status-publish","hentry"],"yoast_head":"<!-- This site is optimized with the Yoast SEO plugin v27.5 - https:\/\/yoast.com\/product\/yoast-seo-wordpress\/ -->\n<title>PERIMESH\u00ae \u2013 le syst\u00e8me de cl\u00f4ture intelligent en acier inoxydable avec de multiples possibilit\u00e9s - PERIMESH\u00ae<\/title>\n<meta name=\"robots\" content=\"index, follow, max-snippet:-1, max-image-preview:large, max-video-preview:-1\" \/>\n<link rel=\"canonical\" href=\"https:\/\/www.perimesh.com\/fr\/perimesh-le-systeme-de-cloture-intelligent-en-acier-inoxydable-avec-de-multiples-possibilites\/\" \/>\n<meta property=\"og:locale\" content=\"fr_FR\" \/>\n<meta property=\"og:type\" content=\"article\" \/>\n<meta property=\"og:title\" content=\"PERIMESH\u00ae \u2013 le syst\u00e8me de cl\u00f4ture intelligent en acier inoxydable avec de multiples possibilit\u00e9s - PERIMESH\u00ae\" \/>\n<meta property=\"og:description\" content=\"PERIMESH\u00ae \u2013 le syst\u00e8me de cl\u00f4ture intelligent en acier inoxydable avec de multiples possibilit\u00e9s Une cl\u00f4ture de jardin vous permet de d\u00e9limiter votre terrain. De cette mani\u00e8re, vous emp\u00eachez les intrus d&#039;entrer et vous assurez une cl\u00f4ture fiable. Une telle d\u00e9limitation est \u00e9galement tr\u00e8s importante pour les terrains \u00e0 usage commercial, afin d&#039;\u00e9viter que des [&hellip;]\" \/>\n<meta property=\"og:url\" content=\"https:\/\/www.perimesh.com\/fr\/perimesh-le-systeme-de-cloture-intelligent-en-acier-inoxydable-avec-de-multiples-possibilites\/\" \/>\n<meta property=\"og:site_name\" content=\"PERIMESH\u00ae\" \/>\n<meta property=\"article:modified_time\" content=\"2022-11-20T16:03:49+00:00\" \/>\n<meta name=\"twitter:card\" content=\"summary_large_image\" \/>\n<meta name=\"twitter:label1\" content=\"Dur\u00e9e de lecture estim\u00e9e\" \/>\n\t<meta name=\"twitter:data1\" content=\"9 minutes\" \/>\n<script type=\"application\/ld+json\" class=\"yoast-schema-graph\">{\"@context\":\"https:\\\/\\\/schema.org\",\"@graph\":[{\"@type\":\"WebPage\",\"@id\":\"https:\\\/\\\/www.perimesh.com\\\/fr\\\/perimesh-le-systeme-de-cloture-intelligent-en-acier-inoxydable-avec-de-multiples-possibilites\\\/\",\"url\":\"https:\\\/\\\/www.perimesh.com\\\/fr\\\/perimesh-le-systeme-de-cloture-intelligent-en-acier-inoxydable-avec-de-multiples-possibilites\\\/\",\"name\":\"PERIMESH\u00ae \u2013 le syst\u00e8me de cl\u00f4ture intelligent en acier inoxydable avec de multiples possibilit\u00e9s - PERIMESH\u00ae\",\"isPartOf\":{\"@id\":\"https:\\\/\\\/www.perimesh.com\\\/#website\"},\"datePublished\":\"2022-11-15T09:58:48+00:00\",\"dateModified\":\"2022-11-20T16:03:49+00:00\",\"breadcrumb\":{\"@id\":\"https:\\\/\\\/www.perimesh.com\\\/fr\\\/perimesh-le-systeme-de-cloture-intelligent-en-acier-inoxydable-avec-de-multiples-possibilites\\\/#breadcrumb\"},\"inLanguage\":\"fr-FR\",\"potentialAction\":[{\"@type\":\"ReadAction\",\"target\":[\"https:\\\/\\\/www.perimesh.com\\\/fr\\\/perimesh-le-systeme-de-cloture-intelligent-en-acier-inoxydable-avec-de-multiples-possibilites\\\/\"]}]},{\"@type\":\"BreadcrumbList\",\"@id\":\"https:\\\/\\\/www.perimesh.com\\\/fr\\\/perimesh-le-systeme-de-cloture-intelligent-en-acier-inoxydable-avec-de-multiples-possibilites\\\/#breadcrumb\",\"itemListElement\":[{\"@type\":\"ListItem\",\"position\":1,\"name\":\"Startseite\",\"item\":\"https:\\\/\\\/www.perimesh.com\\\/\"},{\"@type\":\"ListItem\",\"position\":2,\"name\":\"PERIMESH\u00ae \u2013 le syst\u00e8me de cl\u00f4ture intelligent en acier inoxydable avec de multiples possibilit\u00e9s\"}]},{\"@type\":\"WebSite\",\"@id\":\"https:\\\/\\\/www.perimesh.com\\\/#website\",\"url\":\"https:\\\/\\\/www.perimesh.com\\\/\",\"name\":\"PERIMESH\u00ae\",\"description\":\"Eine weitere CarlStahl Arc Website\",\"potentialAction\":[{\"@type\":\"SearchAction\",\"target\":{\"@type\":\"EntryPoint\",\"urlTemplate\":\"https:\\\/\\\/www.perimesh.com\\\/?s={search_term_string}\"},\"query-input\":{\"@type\":\"PropertyValueSpecification\",\"valueRequired\":true,\"valueName\":\"search_term_string\"}}],\"inLanguage\":\"fr-FR\"}]}<\/script>\n<!-- \/ Yoast SEO plugin. -->","yoast_head_json":{"title":"PERIMESH\u00ae \u2013 le syst\u00e8me de cl\u00f4ture intelligent en acier inoxydable avec de multiples possibilit\u00e9s - PERIMESH\u00ae","robots":{"index":"index","follow":"follow","max-snippet":"max-snippet:-1","max-image-preview":"max-image-preview:large","max-video-preview":"max-video-preview:-1"},"canonical":"https:\/\/www.perimesh.com\/fr\/perimesh-le-systeme-de-cloture-intelligent-en-acier-inoxydable-avec-de-multiples-possibilites\/","og_locale":"fr_FR","og_type":"article","og_title":"PERIMESH\u00ae \u2013 le syst\u00e8me de cl\u00f4ture intelligent en acier inoxydable avec de multiples possibilit\u00e9s - PERIMESH\u00ae","og_description":"PERIMESH\u00ae \u2013 le syst\u00e8me de cl\u00f4ture intelligent en acier inoxydable avec de multiples possibilit\u00e9s Une cl\u00f4ture de jardin vous permet de d\u00e9limiter votre terrain. De cette mani\u00e8re, vous emp\u00eachez les intrus d'entrer et vous assurez une cl\u00f4ture fiable. Une telle d\u00e9limitation est \u00e9galement tr\u00e8s importante pour les terrains \u00e0 usage commercial, afin d'\u00e9viter que des [&hellip;]","og_url":"https:\/\/www.perimesh.com\/fr\/perimesh-le-systeme-de-cloture-intelligent-en-acier-inoxydable-avec-de-multiples-possibilites\/","og_site_name":"PERIMESH\u00ae","article_modified_time":"2022-11-20T16:03:49+00:00","twitter_card":"summary_large_image","twitter_misc":{"Dur\u00e9e de lecture estim\u00e9e":"9 minutes"},"schema":{"@context":"https:\/\/schema.org","@graph":[{"@type":"WebPage","@id":"https:\/\/www.perimesh.com\/fr\/perimesh-le-systeme-de-cloture-intelligent-en-acier-inoxydable-avec-de-multiples-possibilites\/","url":"https:\/\/www.perimesh.com\/fr\/perimesh-le-systeme-de-cloture-intelligent-en-acier-inoxydable-avec-de-multiples-possibilites\/","name":"PERIMESH\u00ae \u2013 le syst\u00e8me de cl\u00f4ture intelligent en acier inoxydable avec de multiples possibilit\u00e9s - PERIMESH\u00ae","isPartOf":{"@id":"https:\/\/www.perimesh.com\/#website"},"datePublished":"2022-11-15T09:58:48+00:00","dateModified":"2022-11-20T16:03:49+00:00","breadcrumb":{"@id":"https:\/\/www.perimesh.com\/fr\/perimesh-le-systeme-de-cloture-intelligent-en-acier-inoxydable-avec-de-multiples-possibilites\/#breadcrumb"},"inLanguage":"fr-FR","potentialAction":[{"@type":"ReadAction","target":["https:\/\/www.perimesh.com\/fr\/perimesh-le-systeme-de-cloture-intelligent-en-acier-inoxydable-avec-de-multiples-possibilites\/"]}]},{"@type":"BreadcrumbList","@id":"https:\/\/www.perimesh.com\/fr\/perimesh-le-systeme-de-cloture-intelligent-en-acier-inoxydable-avec-de-multiples-possibilites\/#breadcrumb","itemListElement":[{"@type":"ListItem","position":1,"name":"Startseite","item":"https:\/\/www.perimesh.com\/"},{"@type":"ListItem","position":2,"name":"PERIMESH\u00ae \u2013 le syst\u00e8me de cl\u00f4ture intelligent en acier inoxydable avec de multiples possibilit\u00e9s"}]},{"@type":"WebSite","@id":"https:\/\/www.perimesh.com\/#website","url":"https:\/\/www.perimesh.com\/","name":"PERIMESH\u00ae","description":"Eine weitere CarlStahl Arc Website","potentialAction":[{"@type":"SearchAction","target":{"@type":"EntryPoint","urlTemplate":"https:\/\/www.perimesh.com\/?s={search_term_string}"},"query-input":{"@type":"PropertyValueSpecification","valueRequired":true,"valueName":"search_term_string"}}],"inLanguage":"fr-FR"}]}},"_links":{"self":[{"href":"https:\/\/www.perimesh.com\/fr\/wp-json\/wp\/v2\/pages\/1892","targetHints":{"allow":["GET"]}}],"collection":[{"href":"https:\/\/www.perimesh.com\/fr\/wp-json\/wp\/v2\/pages"}],"about":[{"href":"https:\/\/www.perimesh.com\/fr\/wp-json\/wp\/v2\/types\/page"}],"author":[{"embeddable":true,"href":"https:\/\/www.perimesh.com\/fr\/wp-json\/wp\/v2\/users\/1"}],"replies":[{"embeddable":true,"href":"https:\/\/www.perimesh.com\/fr\/wp-json\/wp\/v2\/comments?post=1892"}],"version-history":[{"count":2,"href":"https:\/\/www.perimesh.com\/fr\/wp-json\/wp\/v2\/pages\/1892\/revisions"}],"predecessor-version":[{"id":1894,"href":"https:\/\/www.perimesh.com\/fr\/wp-json\/wp\/v2\/pages\/1892\/revisions\/1894"}],"wp:attachment":[{"href":"https:\/\/www.perimesh.com\/fr\/wp-json\/wp\/v2\/media?parent=1892"}],"curies":[{"name":"wp","href":"https:\/\/api.w.org\/{rel}","templated":true}]}}